{"id":349,"date":"2015-04-08T14:12:59","date_gmt":"2015-04-08T14:12:59","guid":{"rendered":"http:\/\/www.alamaya.net?page_id=349"},"modified":"2021-09-28T09:47:00","modified_gmt":"2021-09-28T09:47:00","slug":"press","status":"publish","type":"page","link":"https:\/\/www.alamaya.net\/en\/media\/press\/","title":{"rendered":"Press"},"content":{"rendered":"<div id='full_slider_1'  class='avia-fullwidth-slider main_color avia-shadow   avia-builder-el-0  el_before_av_heading  avia-builder-el-first   container_wrap fullsize'  ><div  class='avia-slideshow av-ih2ed-5f05be0efbf2a2ffdf8c9f08dbb157ad avia-slideshow-featured av_slideshow_full avia-slide-slider av-slideshow-ui av-control-default av-slideshow-manual av-loop-once av-loop-manual-endless av-default-height-applied   avia-slideshow-1' data-slideshow-options=\"{&quot;animation&quot;:&quot;slide&quot;,&quot;autoplay&quot;:false,&quot;loop_autoplay&quot;:&quot;once&quot;,&quot;interval&quot;:5,&quot;loop_manual&quot;:&quot;manual-endless&quot;,&quot;autoplay_stopper&quot;:false,&quot;noNavigation&quot;:false,&quot;bg_slider&quot;:false,&quot;keep_padding&quot;:false,&quot;hoverpause&quot;:false,&quot;show_slide_delay&quot;:0}\"  itemprop=\"image\" itemscope=\"itemscope\" itemtype=\"https:\/\/schema.org\/ImageObject\" ><ul class='avia-slideshow-inner ' style='padding-bottom: 31.666666666667%;'><li  class='avia-slideshow-slide av-ih2ed-5f05be0efbf2a2ffdf8c9f08dbb157ad__0  av-single-slide slide-1 slide-odd'><div data-rel='slideshow-1' class='avia-slide-wrap '   ><img fetchpriority=\"high\" class=\"wp-image-2714 avia-img-lazy-loading-not-2714\"  src='https:\/\/www.alamaya.net\/wp-content\/uploads\/2015\/04\/videos.jpg' width='1200' height='380' title='videos' alt=''  itemprop=\"thumbnailUrl\"   \/><\/div><\/li><\/ul><\/div><\/div><div id='after_full_slider_1'  class='main_color av_default_container_wrap container_wrap fullsize'  ><div class='container av-section-cont-open' ><div class='template-page content  av-content-full alpha units'><div class='post-entry post-entry-type-page post-entry-349'><div class='entry-content-wrapper clearfix'>\n\n<style type=\"text\/css\" data-created_by=\"avia_inline_auto\" id=\"style-css-av-oct9-c3ea278e1bbd813aeb40ec0c6e1ee82a\">\n#top .av-special-heading.av-oct9-c3ea278e1bbd813aeb40ec0c6e1ee82a{\npadding-bottom:10px;\n}\nbody .av-special-heading.av-oct9-c3ea278e1bbd813aeb40ec0c6e1ee82a .av-special-heading-tag .heading-char{\nfont-size:25px;\n}\n.av-special-heading.av-oct9-c3ea278e1bbd813aeb40ec0c6e1ee82a .av-subheading{\nfont-size:15px;\n}\n<\/style>\n<div  class='av-special-heading av-oct9-c3ea278e1bbd813aeb40ec0c6e1ee82a av-special-heading-h2  avia-builder-el-1  el_after_av_slideshow_full  el_before_av_textblock  avia-builder-el-first '><h2 class='av-special-heading-tag'  itemprop=\"headline\"  >Press<\/h2><div class=\"special-heading-border\"><div class=\"special-heading-inner-border\"><\/div><\/div><\/div>\n<section  class='av_textblock_section av-jh0meqmf-2c6a4db8b26c8181b32b9a3b9f1e9311 '   itemscope=\"itemscope\" itemtype=\"https:\/\/schema.org\/CreativeWork\" ><div class='avia_textblock'  itemprop=\"text\" ><p>Please click on the links below to read articles:<\/p>\n<p><a href=\"https:\/\/www.alamaya.net\/wp-content\/uploads\/2021\/09\/LeMagazine_N5_Ensemble_FIN.pdf\" target=\"_blank\" rel=\"noopener\">Schizophr\u00e9nie, dissiper les mythes<\/a><br \/>\n<em>Le Magazine Suisse &#8211; 20 September 2021<\/em><\/p>\n<p><a href=\"https:\/\/www.alamaya.net\/wp-content\/uploads\/2018\/05\/page_32_24heures_REGION_2018-05-04.pdf\" target=\"_blank\" rel=\"noopener\">La chercheuse cultive la paix int\u00e9rieure dans son jardin zen<\/a><br \/>\n<em>24heures &#8211; 4 May 2018\u00a0<\/em><\/p>\n<p><a href=\"https:\/\/www.letemps.ch\/sciences\/2017\/11\/20\/un-traitement-antioxydant-contre-schizophrenie\" target=\"_blank\" rel=\"noopener\">Un traitement antioxydant contre la schizophr\u00e9nie<\/a><br \/>\n<em>Le Temps &#8211; 21 November 2017<\/em><\/p>\n<p><a href=\"https:\/\/www.alamaya.net\/wp-content\/uploads\/2015\/04\/Invivo9_46-47.pdf\" target=\"_blank\" rel=\"noopener\">Aux origines de la schizophr\u00e9nie<\/a><br \/>\n<em>In Vivo &#8211; Magazine du CHUV &#8211; July 2016<\/em><\/p>\n<p><a href=\"https:\/\/www.alamaya.net\/wp-content\/uploads\/2015\/04\/Article_JC_IV8.pdf\" target=\"_blank\" rel=\"noopener\">Jan Harry Cabungcal s&#8217;est install\u00e9 \u00e0 Lausanne pour mener des recherches sur la schizophr\u00e9nie<br \/>\n<\/a><em>In Vivo<\/em> &#8211; <em>Magazine du CHUV &#8211; March 2016<\/em><\/p>\n<p><a href=\"http:\/\/www.psychomedia.qc.ca\/sante-mentale\/2015-05-19\/schizophrenie-mecanisme-de-base\" target=\"_blank\" rel=\"noopener\">Proposition d&#8217;un m\u00e9canisme \u00e0 la base de la schizophr\u00e9nie<\/a><br \/>\n<em>Psychom\u00e9dia &#8211; 19 May 2015<\/em><\/p>\n<p><a href=\"http:\/\/www.24heures.ch\/vaud-regions\/lausanne-region\/chuv-unil-harvard-avancer-schizophrenie\/story\/25343398\" target=\"_blank\" rel=\"noopener\">Le CHUV, l&#8217;UNIL et Harvard d\u00e9cryptent la schizophr\u00e9nie<\/a><br \/>\n<em>24heures &#8211; 18 May 2015<\/em><\/p>\n<p><a href=\"http:\/\/www.rts.ch\/info\/sciences-tech\/6791324-le-chuv-et-l-unil-font-avancer-la-recherche-sur-la-schizophrenie.html\" target=\"_blank\" rel=\"noopener\">Le CHUV et l&#8217;UNIL font avancer la recherche sur la schizophr\u00e9nie<\/a><br \/>\n<em>RTS INFO &#8211; 18 May 2015<\/em><\/p>\n<p><a href=\"http:\/\/www.lematin.ch\/sante\/sciences\/chuv-unil-harvard-avancer-schizophrenie\/story\/25343398\" target=\"_blank\" rel=\"noopener\">Le CHUV, l&#8217;UNIL et Harvard d\u00e9cryptent la schizophr\u00e9nie<\/a><br \/>\n<em>Le Matin &#8211; 18 May 2015<\/em><\/p>\n<p><a href=\"https:\/\/www.alamaya.net\/wp-content\/uploads\/2015\/04\/08.04.2015_LIllustre_Cery_Web.pdf\" target=\"_blank\" rel=\"noopener\">Au coeur de l&#8217;h\u00f4pital psychiatrique<\/a><br \/>\n<em>L&#8217;illustr\u00e9 &#8211; 8 April 2015<\/em><\/p>\n<p><a href=\"http:\/\/www.largeur.com\/?p=4350\" target=\"_blank\" rel=\"noopener\">La schizophr\u00e9nie \u00e0 l&#8217;\u00e9chelle des neurones<\/a><br \/>\n<em>Largeur.com &#8211; 4 February 2015<\/em><\/p>\n<p><a href=\"https:\/\/www.alamaya.net\/wp-content\/uploads\/2015\/04\/15.12.2014_24Heures_CNP.pdf\" target=\"_blank\" rel=\"noopener\">La psychiatrie du futur prend forme \u00e0 Cery<\/a><br \/>\n<em>24heures &#8211; 15 December 2014<\/em><\/p>\n<p><a href=\"https:\/\/www.alamaya.net\/wp-content\/uploads\/2015\/04\/24Heures_RechercheSZ_08.10.2014.pdf\" target=\"_blank\" rel=\"noopener\">Tuer la schizophr\u00e9nie dans l&#8217;oeuf<\/a><br \/>\n<em>24heures &#8211; 8 October 2014<\/em><\/p>\n<p><a href=\"http:\/\/actu.epfl.ch\/news\/des-antioxydants-pour-prevenir-la-schizophrenie\/\" target=\"_blank\" rel=\"noopener\">Des antioxydants pour pr\u00e9venir la schizophr\u00e9nie<\/a><br \/>\n<em>EPFL &#8211; Actualit\u00e9s NCCR-Synapsy &#8211; 30 September 2014<\/em><\/p>\n<p><a title=\"title\" href=\"https:\/\/www.alamaya.net\/wp-content\/uploads\/2015\/04\/Horizons_KDo_Juin_2013.pdf\" target=\"_blank\" rel=\"noopener\">Chercher pour aider les autres<\/a><br \/>\n<em>Horizons &#8211; Le magazine suisse de la recherche scientifique &#8211; N\u00b0 97 &#8211; June 2013<\/em><\/p>\n<p><a title=\"title\" href=\"https:\/\/www.alamaya.net\/wp-content\/uploads\/2015\/04\/ATS_15.05.20131.pdf\" target=\"_blank\" rel=\"noopener\">CHUV: nouvelle cible th\u00e9rapeutique contre la schizophr\u00e9nie<\/a><br \/>\n<em>Agence T\u00e9l\u00e9graphique Suisse &#8211; 14 May 2013<\/em><\/p>\n<p><a href=\"http:\/\/actu.epfl.ch\/news\/prevenir-la-schizophrenie-chez-les-enfants\/\" target=\"_blank\" rel=\"noopener\">Pr\u00e9venir la schizophr\u00e9nie chez les enfants<em><br \/>\n<\/em><\/a><em>EPFL &#8211; Actualit\u00e9s NNCR-Synapsy &#8211; 15 March 2013<\/em><\/p>\n<p><a title=\"title\" href=\"https:\/\/www.alamaya.net\/wp-content\/uploads\/2015\/04\/20Minutes_15.03.20131.pdf\" target=\"_blank\" rel=\"noopener\">Des antioxydants pour pr\u00e9venir la schizophr\u00e9nie<\/a><br \/>\n<em>20minutes Online &#8211; 15 March 2013<\/em><\/p>\n<p><a title=\"title\" href=\"https:\/\/www.alamaya.net\/wp-content\/uploads\/2015\/04\/ScienceDaily_13.03.2013.pdf\" target=\"_blank\" rel=\"noopener\">Neuron Loss in Schizophrenia and Depression Could Be Prevented, Study Suggests<\/a><br \/>\n<em>ScienceDaily &#8211; 13 March 2013<\/em><\/p>\n<p><a title=\"title\" href=\"https:\/\/www.alamaya.net\/wp-content\/uploads\/2015\/04\/PressRelease_Elsevier_March2013.pdf\" target=\"_blank\" rel=\"noopener\">Neuron Loss in Schizophrenia and Depression Could Be Prevented With an Antioxidant<\/a><br \/>\n<em>Elsevier &#8211; Press Release &#8211; 13 March 2013<\/em><\/p>\n<p><a title=\"title\" href=\"https:\/\/www.alamaya.net\/wp-content\/uploads\/2015\/04\/CHUVMag_Hiver2013.pdf\" target=\"_blank\" rel=\"noopener\">Percer ensemble les secrets de la schizophr\u00e9nie<\/a><br \/>\n<em>CHUV Magazine &#8211; Winter 2013<\/em><\/p>\n<p><a title=\"title\" href=\"https:\/\/www.alamaya.net\/wp-content\/uploads\/2015\/04\/LeTemps_Dec.2012.pdf\" target=\"_blank\" rel=\"noopener\">Un antioxydant pour pr\u00e9venir la schizophr\u00e9nie<\/a><br \/>\n<em>Le Temps &#8211; 13 December 2012<\/em><\/p>\n<p><a title=\"title\" href=\"https:\/\/www.alamaya.net\/wp-content\/uploads\/2015\/04\/LM_Dimanche_2012-11-11.pdf\" target=\"_blank\" rel=\"noopener\">Une rencontre glamour et solidaire<\/a><br \/>\n<em>Le Matin Dimanche &#8211; 11 November 2012<\/em><\/p>\n<p><a title=\"title\" href=\"https:\/\/www.alamaya.net\/wp-content\/uploads\/2015\/04\/24h_07.11.20121.pdf\" target=\"_blank\" rel=\"noopener\">La schizophr\u00e9nie au menu du Ladies&#8217; Lunch<\/a><br \/>\n<em>24heures &#8211; 7 November 2012<\/em><\/p>\n<p><a title=\"title\" href=\"https:\/\/www.alamaya.net\/wp-content\/uploads\/2015\/04\/Lions_Fevrier2012.pdf\" target=\"_blank\" rel=\"noopener\">Des lions occupent une cabane de b\u00fbcheron pour Alamaya<\/a><br \/>\n<em>Lion &#8211; February 2012<\/em><\/p>\n<p><a title=\"title\" href=\"https:\/\/www.alamaya.net\/wp-content\/uploads\/2015\/04\/24Heures_3-4.12.111.pdf\" target=\"_blank\" rel=\"noopener\">Les clubs services luttent contre la schizophr\u00e9nie<\/a><br \/>\n<em>24heures &#8211; 3-4 December 2011<\/em><\/p>\n<p><a title=\"title\" href=\"https:\/\/www.alamaya.net\/wp-content\/uploads\/2015\/04\/LeRegional_23-30.11.11.pdf\" target=\"_blank\" rel=\"noopener\">Grande alliance contre la schizophr\u00e9nie \u00e0 Montreux<\/a><br \/>\n<em>Le R\u00e9gional &#8211; Nobember 2011<\/em><\/p>\n<p><a title=\"title\" href=\"https:\/\/www.alamaya.net\/wp-content\/uploads\/2015\/04\/Diagonales_Nov.Dec_.2011.pdf\" target=\"_blank\" rel=\"noopener\">Neurobiologie et schizophr\u00e9nie<\/a><br \/>\n<em>Diagonales -Mensuel romand de la sant\u00e9 mentale &#8211; N\u00ba 84 &#8211; November-December 2011<\/em><\/p>\n<p><a title=\"title\" href=\"https:\/\/www.alamaya.net\/wp-content\/uploads\/2015\/04\/FaitMedical2009.pdf\" target=\"_blank\" rel=\"noopener\">Schizophr\u00e9nie<\/a><br \/>\n<em>Le Fait M\u00e9dical &#8211; N\u00b0 71 &#8211; August 2009<\/em><\/p>\n<p><a title=\"title\" href=\"https:\/\/www.alamaya.net\/wp-content\/uploads\/2015\/04\/regional.pdf\" target=\"_blank\" rel=\"noopener\">Les jeux de hasard au service de la communaut\u00e9<\/a><br \/>\n<em>Le R\u00e9gional &#8211; 10 September 2008<\/em><\/p>\n<p><a title=\"title\" href=\"https:\/\/www.alamaya.net\/wp-content\/uploads\/2015\/04\/24heures-loterieRomande.pdf\" target=\"_blank\" rel=\"noopener\">Les b\u00e9n\u00e9fices de la Loterie Romande financent aussi la recherche sur la schizophr\u00e9nie<br \/>\n<\/a><em>24heures &#8211; 6-7 September 2008<\/em><\/p>\n<p><a title=\"title\" href=\"https:\/\/www.alamaya.net\/wp-content\/uploads\/2015\/04\/Copie-de-Article-NZZ-12.12.071.pdf\" target=\"_blank\" rel=\"noopener\">Wenn die ordnende Kraft im Gehirn wegf\u00e4llt<br \/>\n<\/a><em>Neue Z\u00fcrcher Zeitung &#8211; 12 December 2007<\/em><\/p>\n<p><a title=\"title\" href=\"https:\/\/www.alamaya.net\/wp-content\/uploads\/2015\/04\/TribuneLeMatin.pdf\" target=\"_blank\" rel=\"noopener\">Nouvelle d\u00e9couverte g\u00e9n\u00e9tique sur la schizophr\u00e9nie<br \/>\n<\/a><em>Tribune M\u00e9dicale &#8211; 9 November 2007<\/em><\/p>\n<p><a title=\"title\" href=\"https:\/\/www.alamaya.net\/wp-content\/uploads\/2015\/04\/TribuneGeneve.pdf\" target=\"_blank\" rel=\"noopener\">D\u00e9couverte g\u00e9n\u00e9tique sur la schizophr\u00e9nie<br \/>\n<\/a><em>Tribune de Gen\u00e8ve &#8211; 5 October 2007<\/em><\/p>\n<p><a title=\"title\" href=\"https:\/\/www.alamaya.net\/wp-content\/uploads\/2015\/04\/decouvert-lausannoise.pdf\" target=\"_blank\" rel=\"noopener\">D\u00e9couverte lausannoise sur la schizophr\u00e9nie<br \/>\n<\/a><em>24heures &#8211; 5 October 2007<\/em><\/p>\n<p><a title=\"title\" href=\"https:\/\/www.alamaya.net\/wp-content\/uploads\/2015\/04\/leTemps.pdf\" target=\"_blank\" rel=\"noopener\">Schizophr\u00e9nie: l&#8217;origine g\u00e9n\u00e9tique se pr\u00e9cise<\/a><em><br \/>\nLe Temps &#8211; 2 October 2007<\/em><\/p>\n<p><a title=\"title\" href=\"https:\/\/www.alamaya.net\/wp-content\/uploads\/2015\/04\/agefi.pdf\" target=\"_blank\" rel=\"noopener\">Des chercheurs lausannois rendent la schizophr\u00e9nie moins trouble<br \/>\n<\/a><em>L&#8217;Ag\u00e9fi &#8211; 2 October 2007<\/em><\/p>\n<p><a title=\"title\" href=\"https:\/\/www.alamaya.net\/wp-content\/uploads\/2015\/04\/chuv.pdf\" target=\"_blank\" rel=\"noopener\">Nouvelle d\u00e9couverte g\u00e9n\u00e9tique sur la schizophr\u00e9nie<br \/>\n<\/a><em>Communiqu\u00e9 de presse du CHUV &#8211; 1 October 2007<br \/>\n<\/em><\/p>\n<p><a title=\"title\" href=\"https:\/\/www.alamaya.net\/wp-content\/uploads\/2015\/04\/une-scientiphique.pdf\" target=\"_blank\" rel=\"noopener\">Une scientifique sur la piste des causes de la schizophr\u00e9nie<br \/>\n<\/a><em>24heures &#8211; 27-28 August 2005<\/em><\/p>\n<p><a title=\"title\" href=\"https:\/\/www.alamaya.net\/wp-content\/uploads\/2015\/04\/diagonales.pdf\" target=\"_blank\" rel=\"noopener\">Neurosciences: de nouveaux r\u00e9sultats<br \/>\n<\/a><em>Diagonales &#8211; Mensuel romand de la sant\u00e9 mentale &#8211; N\u00b0 29 &#8211; April 2005<\/em><\/p>\n<p><a title=\"title\" href=\"https:\/\/www.alamaya.net\/wp-content\/uploads\/2015\/04\/Hebdo.pdf\" target=\"_blank\" rel=\"noopener\">Une cause de la schizophr\u00e9nie \u00e9lucid\u00e9e<br \/>\n<\/a><em>L&#8217;Hebdo &#8211; 10 February 2005<\/em><\/p>\n<p><a title=\"title\" href=\"https:\/\/www.alamaya.net\/wp-content\/uploads\/2015\/04\/travailleurs-de-lombre.pdf\" target=\"_blank\" rel=\"noopener\">Ces travailleurs de l&#8217;ombre<br \/>\n<\/a><em>Journal du\u00a0District de\u00a0Cossonay &#8211; 25 April 2003<\/em><\/p>\n<p><a title=\"title\" href=\"https:\/\/www.alamaya.net\/wp-content\/uploads\/2015\/04\/tabou.pdf\" target=\"_blank\" rel=\"noopener\">Fondation pour la rechercher sur la schizophr\u00e9nie cr\u00e9\u00e9e par deux Bo\u00e9lands<br \/>\n<\/a><em>La Presse Riviera Chablais &#8211; 16 ao\u00fbt 2002<\/em><\/p>\n<\/div><\/section>\n","protected":false},"excerpt":{"rendered":"","protected":false},"author":5,"featured_media":0,"parent":348,"menu_order":0,"comment_status":"open","ping_status":"open","template":"","meta":{"footnotes":""},"_links":{"self":[{"href":"https:\/\/www.alamaya.net\/en\/wp-json\/wp\/v2\/pages\/349\/"}],"collection":[{"href":"https:\/\/www.alamaya.net\/en\/wp-json\/wp\/v2\/pages\/"}],"about":[{"href":"https:\/\/www.alamaya.net\/en\/wp-json\/wp\/v2\/types\/page\/"}],"author":[{"embeddable":true,"href":"https:\/\/www.alamaya.net\/en\/wp-json\/wp\/v2\/users\/5\/"}],"replies":[{"embeddable":true,"href":"https:\/\/www.alamaya.net\/en\/wp-json\/wp\/v2\/comments\/?post=349"}],"version-history":[{"count":17,"href":"https:\/\/www.alamaya.net\/en\/wp-json\/wp\/v2\/pages\/349\/revisions\/"}],"predecessor-version":[{"id":2596,"href":"https:\/\/www.alamaya.net\/en\/wp-json\/wp\/v2\/pages\/349\/revisions\/2596\/"}],"up":[{"embeddable":true,"href":"https:\/\/www.alamaya.net\/en\/wp-json\/wp\/v2\/pages\/348\/"}],"wp:attachment":[{"href":"https:\/\/www.alamaya.net\/en\/wp-json\/wp\/v2\/media\/?parent=349"}],"curies":[{"name":"wp","href":"https:\/\/api.w.org\/{rel}","templated":true}]}}